{"id":764,"date":"2024-10-04T21:14:10","date_gmt":"2024-10-05T03:14:10","guid":{"rendered":"https:\/\/ecosystemscr.com\/?page_id=764"},"modified":"2024-10-04T21:59:55","modified_gmt":"2024-10-05T03:59:55","slug":"colaboradores","status":"publish","type":"page","link":"https:\/\/ecosystemscr.com\/en\/colaboradores\/","title":{"rendered":"Collaborators"},"content":{"rendered":"<div class=\"wp-block-stackable-columns alignwide stk-block-columns stk-block stk-378a2d0\" data-block-id=\"378a2d0\"><style>.stk-378a2d0 {margin-bottom:0px !important;}<\/style><div class=\"stk-row stk-inner-blocks stk-block-content stk-content-align stk-378a2d0-column alignfull\">\n<div class=\"wp-block-stackable-column stk-block-column stk-column stk-block stk-34c70ca stk-block-background\" data-v=\"4\" data-block-id=\"34c70ca\"><style>.stk-34c70ca {padding-top:64px !important;padding-bottom:64px !important;}<\/style><div class=\"stk-column-wrapper stk-block-column__content stk-container stk-34c70ca-container stk--no-background stk--no-padding\"><div class=\"stk-block-content stk-inner-blocks stk-34c70ca-inner-blocks\">\n<div class=\"wp-block-stackable-heading stk-block-heading stk-block-heading--v2 stk-block stk-61e3eb2\" id=\"strong-javier-chaves-alvarado-strong\" data-block-id=\"61e3eb2\"><h2 class=\"stk-block-heading__text\"><strong>Javier Chaves Alvarado<\/strong><\/h2><\/div>\n\n\n\n<div class=\"wp-block-stackable-text stk-block-text stk-block stk-e533ebe\" data-block-id=\"e533ebe\"><style>.stk-e533ebe .stk-block-text__text{color:#000000 !important;}<\/style><p class=\"stk-block-text__text has-text-color has-text-align-justify\">Master in Computer Science and IT by profession, nature and wildlife photographer by passion. Born in Costa Rica, I am an enthusiast of capturing the diversity of shapes and colors that nature offers, with special attention to wildlife, particularly birds.<\/p><\/div>\n\n\n\n<div class=\"wp-block-stackable-text stk-block-text stk-block stk-710b700\" data-block-id=\"710b700\"><style>.stk-710b700 {margin-bottom:0px !important;}.stk-710b700 .stk-block-text__text{color:#000000 !important;}<\/style><p class=\"stk-block-text__text has-text-color has-text-align-justify\"><strong>Social networks<\/strong><\/p><\/div>\n\n\n\n<div class=\"wp-block-stackable-button-group stk-block-button-group stk-block stk-6489c48\" data-block-id=\"6489c48\"><style>.stk-6489c48 .stk-button-group{flex-direction:row !important;}@media screen and (max-width:999px){.stk-6489c48 .stk-button-group{flex-direction:row !important;}}@media screen and (max-width:689px){.stk-6489c48 .stk-button-group{flex-direction:row !important;}}<\/style><div class=\"stk-row stk-inner-blocks stk-block-content stk-button-group\">\n<div class=\"wp-block-stackable-icon-button stk-block-icon-button stk-block stk-7d9d187\" data-block-id=\"7d9d187\"><style>.stk-7d9d187 .stk-button{background:#c13584 !important;}<\/style><a class=\"stk-link stk-button stk--hover-effect-darken\" href=\"https:\/\/www.instagram.com\/javier.chaves.photography?igsh=MXAyeGVxNXZlM25tYw==\"><span class=\"stk--svg-wrapper\"><div class=\"stk--inner-svg\"><svg data-prefix=\"fab\" data-icon=\"instagram\" class=\"svg-inline--fa fa-instagram fa-w-14\" xmlns=\"http:\/\/www.w3.org\/2000\/svg\" viewbox=\"0 0 448 512\" aria-hidden=\"true\" width=\"32\" height=\"32\"><path fill=\"currentColor\" d=\"M224.1 141c-63.6 0-114.9 51.3-114.9 114.9s51.3 114.9 114.9 114.9S339 319.5 339 255.9 287.7 141 224.1 141zm0 189.6c-41.1 0-74.7-33.5-74.7-74.7s33.5-74.7 74.7-74.7 74.7 33.5 74.7 74.7-33.6 74.7-74.7 74.7zm146.4-194.3c0 14.9-12 26.8-26.8 26.8-14.9 0-26.8-12-26.8-26.8s12-26.8 26.8-26.8 26.8 12 26.8 26.8zm76.1 27.2c-1.7-35.9-9.9-67.7-36.2-93.9-26.2-26.2-58-34.4-93.9-36.2-37-2.1-147.9-2.1-184.9 0-35.8 1.7-67.6 9.9-93.9 36.1s-34.4 58-36.2 93.9c-2.1 37-2.1 147.9 0 184.9 1.7 35.9 9.9 67.7 36.2 93.9s58 34.4 93.9 36.2c37 2.1 147.9 2.1 184.9 0 35.9-1.7 67.7-9.9 93.9-36.2 26.2-26.2 34.4-58 36.2-93.9 2.1-37 2.1-147.8 0-184.8zM398.8 388c-7.8 19.6-22.9 34.7-42.6 42.6-29.5 11.7-99.5 9-132.1 9s-102.7 2.6-132.1-9c-19.6-7.8-34.7-22.9-42.6-42.6-11.7-29.5-9-99.5-9-132.1s-2.6-102.7 9-132.1c7.8-19.6 22.9-34.7 42.6-42.6 29.5-11.7 99.5-9 132.1-9s102.7-2.6 132.1 9c19.6 7.8 34.7 22.9 42.6 42.6 11.7 29.5 9 99.5 9 132.1s2.7 102.7-9 132.1z\"><\/path><\/svg><\/div><\/span><\/a><\/div>\n<\/div><\/div>\n<\/div><\/div><\/div>\n\n\n\n<div class=\"wp-block-stackable-column stk-block-column stk-column stk-block stk-ad5869c\" data-v=\"4\" data-block-id=\"ad5869c\"><div class=\"stk-column-wrapper stk-block-column__content stk-container stk-ad5869c-container stk--no-background stk--no-padding\"><div class=\"stk-block-content stk-inner-blocks stk-ad5869c-inner-blocks\">\n<div class=\"wp-block-stackable-image stk-block-image stk-block stk-0d18e85\" data-block-id=\"0d18e85\"><style>.stk-0d18e85 .stk-img-wrapper{aspect-ratio:1\/1 !important;height:auto !important;}.stk-0d18e85 .stk-img-wrapper img{object-position:53% 89% !important;}@media screen and (max-width:999px){.stk-0d18e85 .stk-img-wrapper{height:auto !important;}}@media screen and (max-width:689px){.stk-0d18e85 .stk-img-wrapper{height:auto !important;}}<\/style><figure><span class=\"stk-img-wrapper stk-image--shape-stretch\"><img loading=\"lazy\" decoding=\"async\" class=\"stk-img wp-image-772\" src=\"https:\/\/ecosystemscr.com\/wp-content\/uploads\/2024\/10\/image0.jpeg\" width=\"2000\" height=\"2500\" srcset=\"https:\/\/ecosystemscr.com\/wp-content\/uploads\/2024\/10\/image0.jpeg 2000w, https:\/\/ecosystemscr.com\/wp-content\/uploads\/2024\/10\/image0-240x300.jpeg 240w, https:\/\/ecosystemscr.com\/wp-content\/uploads\/2024\/10\/image0-819x1024.jpeg 819w, https:\/\/ecosystemscr.com\/wp-content\/uploads\/2024\/10\/image0-768x960.jpeg 768w, https:\/\/ecosystemscr.com\/wp-content\/uploads\/2024\/10\/image0-1229x1536.jpeg 1229w, https:\/\/ecosystemscr.com\/wp-content\/uploads\/2024\/10\/image0-1638x2048.jpeg 1638w, https:\/\/ecosystemscr.com\/wp-content\/uploads\/2024\/10\/image0-10x12.jpeg 10w, https:\/\/ecosystemscr.com\/wp-content\/uploads\/2024\/10\/image0-600x750.jpeg 600w\" sizes=\"auto, (max-width: 2000px) 100vw, 2000px\" \/><\/span><\/figure><\/div>\n<\/div><\/div><\/div>\n<\/div><\/div>","protected":false},"excerpt":{"rendered":"<p>Javier Chaves Alvarado Master en Computaci\u00f3n e Inform\u00e1tica de profesi\u00f3n, fot\u00f3grafo de naturaleza y vida silvestre por pasi\u00f3n. Nacido en Costa Rica, soy un entusiasta de capturar la diversidad de formas y colores que ofrece la naturaleza, con especial atenci\u00f3n a la fauna silvestre, en particular las aves. Redes Sociales<\/p>","protected":false},"author":1,"featured_media":0,"parent":0,"menu_order":0,"comment_status":"closed","ping_status":"closed","template":"","meta":{"_bbp_topic_count":0,"_bbp_reply_count":0,"_bbp_total_topic_count":0,"_bbp_total_reply_count":0,"_bbp_voice_count":0,"_bbp_anonymous_reply_count":0,"_bbp_topic_count_hidden":0,"_bbp_reply_count_hidden":0,"_bbp_forum_subforum_count":0,"footnotes":""},"class_list":["post-764","page","type-page","status-publish","hentry"],"blocksy_meta":{"has_hero_section":"disabled","styles_descriptor":{"styles":{"desktop":"","tablet":"","mobile":""},"google_fonts":[],"version":6}},"_links":{"self":[{"href":"https:\/\/ecosystemscr.com\/en\/wp-json\/wp\/v2\/pages\/764","targetHints":{"allow":["GET"]}}],"collection":[{"href":"https:\/\/ecosystemscr.com\/en\/wp-json\/wp\/v2\/pages"}],"about":[{"href":"https:\/\/ecosystemscr.com\/en\/wp-json\/wp\/v2\/types\/page"}],"author":[{"embeddable":true,"href":"https:\/\/ecosystemscr.com\/en\/wp-json\/wp\/v2\/users\/1"}],"replies":[{"embeddable":true,"href":"https:\/\/ecosystemscr.com\/en\/wp-json\/wp\/v2\/comments?post=764"}],"version-history":[{"count":7,"href":"https:\/\/ecosystemscr.com\/en\/wp-json\/wp\/v2\/pages\/764\/revisions"}],"predecessor-version":[{"id":778,"href":"https:\/\/ecosystemscr.com\/en\/wp-json\/wp\/v2\/pages\/764\/revisions\/778"}],"wp:attachment":[{"href":"https:\/\/ecosystemscr.com\/en\/wp-json\/wp\/v2\/media?parent=764"}],"curies":[{"name":"wp","href":"https:\/\/api.w.org\/{rel}","templated":true}]}}